{"id":390,"date":"2025-06-12T07:27:02","date_gmt":"2025-06-12T07:27:02","guid":{"rendered":"https:\/\/elteukitdigital.cat\/demo-frutasa\/?page_id=390"},"modified":"2025-09-24T06:11:26","modified_gmt":"2025-09-24T06:11:26","slug":"junta","status":"publish","type":"page","link":"https:\/\/frutasa.es\/cat\/junta\/","title":{"rendered":"Junta"},"content":{"rendered":"<p>[et_pb_section fb_built=&quot;1&quot; _builder_version=&quot;4.27.4&quot; _module_preset=&quot;default&quot; use_background_color_gradient=&quot;on&quot; background_color_gradient_stops=&quot;rgba(0,0,0,0.5) 0%|r| 100%\u00bb background_color_gradient_overlays_image=\u00bbon\u00bb background_image=\u00bbhttps:\/\/frutasa.es\/wp-content\/uploads\/2025\/08\/verduras.jpeg\u00bb background_enable_image=\u00bbon\u00bb height=\u00bb50vh\u00bb custom_margin=\u00bb-10 global_colors_info=&quot;{}&quot;][et_pb_row make_equal=&quot;on&quot; _builder_version=&quot;4.27.4&quot; _module_preset=&quot;default&quot; max_width=&quot;1300px&quot; height=&quot;100%&quot; custom_margin=&quot;50px| custom_css_main_element=\u00bbdisplay: flex;||flex-direction: column;||justify-content: center;\u00bb global_colors_info=\u00bb{}\u00bb][et_pb_column type=\u00bb4_4\u2033 _builder_version=\u00bb4.27.4\u2033 _module_preset=\u00bbdefault\u00bb global_colors_info=\u00bb{}\u00bb][et_pb_text _builder_version=\u00bb4.27.4\u2033 _module_pres text_font=\u00bbPoppins||||||||\u00bb text_text_color=&quot;#FFFFFF&quot; text_font_size=&quot;54px&quot; text_line_height=&quot;1em&quot; header_font=&quot;Poppins||||||||&quot; header_text_color=&quot;#FFFFFF&quot; header_font_size=&quot;54px&quot; text_orientation=&quot;center&quot; custom_margin=&quot;||10px||false|false&quot; custom_padding=&quot;||0px||false|false&quot; hover_enabled=&quot;0&quot; global_colors header_font_size_last_edited=&quot;on|phone&quot; sticky_enabled=&quot;0&quot; header_font_size_phone=&quot;36px&quot; header_font_size_tablet=&quot;54px&quot;]<\/p>\n<h1><span style=\"font-weight: 400;\">Convocat\u00f2ries de les<br \/>Juntes Generals Ordin\u00e0ries d&#039;Accionistes<\/span><\/h1>\n<p>[\/et_pb_text][et_pb_text _builder_version=&quot;4.27.4&quot; _module_preset=&quot;default&quot; text_font=&quot;Poppins|200|||||||&quot; text_text_color=&quot;#FFFFFF&quot; text_font_size=&quot;23px&quot; text_orientation=&quot;center&quot; custom_margin=&quot;||0px||false|false&quot; custom_padding=&quot;||50px||false|false&quot; locked=&quot;off&quot; global_colors_info=\u00bb{ futur[\/et_pb_text][\/et_pb_column][\/et_pb_row][\/et_pb_section][et_pb_section fb_built=\u00bb1\u2033 _builder_version=\u00bb4.27.4\u2033 _module_preset=\u00bbdefault\u00bb background_color=\u00bb#fc global_colors_info=&quot;{}&quot;][et_pb_row _builder_version=&quot;4.27.4&quot; _module_preset=&quot;default&quot; max_width=&quot;1300px&quot; global_colors_info=&quot;{}&quot;][et_pb_column type=&quot;4_4&quot; _builder_version. _module_preset=\u00bbdefault\u00bb global_colors_info=\u00bb{}\u00bb][et_pb_text _builder_version=\u00bb4.27.4\u2033 _module_preset=\u00bbdefault\u00bb text_font=\u00bbBitter||||||||\u00bb text_text_color=&quot;#005CB8&quot; text_font_size=&quot;26px&quot; link_font=&quot;Bitter||||||||&quot; link_text_color=\u00bb#005CB8\u2033 header_font=\u00bbNunit|||||||| header_text_align=\u00bbleft\u00bb header_font_size=\u00bb52px\u00bb header_2_font=\u00bbPrompt||||||||\u00bb header_2_text_align=\u00bbleft\u00bb header_2_font_size=\u00bb52px\u00bb header_3_font=\u00bbLora||||||||\u00bb header_3_text_align=&quot;left&quot; header_3_font_size=&quot;26px&quot; text_orientation=&quot;center&quot; custom_margin=&quot;||20px||false|false&quot; locked=&quot;off&quot; global_colors_info=\u00bb{}\u00bb]<\/p>\n<p><a href=\"https:\/\/frutasa.es\/wp-content\/uploads\/2025\/06\/JUNTA-FRUTASA-1119.pdf\" target=\"_blank\" rel=\"noopener\">Junta General Frutasa 11\/2019<\/a><\/p>\n<p>[\/et_pb_text][\/et_pb_column][\/et_pb_row][et_pb_row _builder_version=\u00bb4.27.4\u2033 _module_preset=\u00bbdefault\u00bb max_width=\u00bb1300px\u00bb global_colors_info=\u00bb{}\u00bb][et_pb_column _builder_version=\u00bb4.27.4\u2033 _module_preset=\u00bbdefault\u00bb global_colors_info=\u00bb{}\u00bb][et_pb_text _builder_version=\u00bb4.27.4\u2033 _module_preset=\u00bbdefault\u00bb text_font=\u00bbBitter|||||||||\u00bb text_text_color=&quot;#005CB8&quot; text_font_size=&quot;26px&quot; link_font=&quot;Bitter||||||||&quot; link_text_color=\u00bb#005CB8\u2033 header_font=\u00bbNunit|||||||| header_text_align=\u00bbleft\u00bb header_font_size=\u00bb52px\u00bb header_2_font=\u00bbPrompt||||||||\u00bb header_2_text_align=\u00bbleft\u00bb header_2_font_size=\u00bb52px\u00bb header_3_font=\u00bbLora||||||||\u00bb header_3_text_align=&quot;left&quot; header_3_font_size=&quot;26px&quot; text_orientation=&quot;center&quot; custom_margin=&quot;||20px||false|false&quot; locked=&quot;off&quot; global_colors_info=\u00bb{}\u00bb]<\/p>\n<p><a href=\"https:\/\/frutasa.es\/wp-content\/uploads\/2025\/06\/JUNTA-GENERAL1020.pdf\" target=\"_blank\" rel=\"noopener\">Junta General Frutasa 10\/2020<\/a><\/p>\n<p>[\/et_pb_text][\/et_pb_column][\/et_pb_row][et_pb_row _builder_version=\u00bb4.27.4\u2033 _module_preset=\u00bbdefault\u00bb max_width=\u00bb1300px\u00bb global_colors_info=\u00bb{}\u00bb][et_pb_column _builder_version=\u00bb4.27.4\u2033 _module_preset=\u00bbdefault\u00bb global_colors_info=\u00bb{}\u00bb][et_pb_text _builder_version=\u00bb4.27.4\u2033 _module_preset=\u00bbdefault\u00bb text_font=\u00bbBitter|||||||||\u00bb text_text_color=&quot;#005CB8&quot; text_font_size=&quot;26px&quot; link_font=&quot;Bitter||||||||&quot; link_text_color=\u00bb#005CB8\u2033 header_font=\u00bbNunit|||||||| header_text_align=\u00bbleft\u00bb header_font_size=\u00bb52px\u00bb header_2_font=\u00bbPrompt||||||||\u00bb header_2_text_align=\u00bbleft\u00bb header_2_font_size=\u00bb52px\u00bb header_3_font=\u00bbLora||||||||\u00bb header_3_text_align=&quot;left&quot; header_3_font_size=&quot;26px&quot; text_orientation=&quot;center&quot; custom_margin=&quot;||20px||false|false&quot; locked=&quot;off&quot; global_colors_info=\u00bb{}\u00bb]<\/p>\n<p><a href=\"https:\/\/frutasa.es\/wp-content\/uploads\/2025\/06\/JUNTA-GENERAL-0621.pdf\" target=\"_blank\" rel=\"noopener\">Junta General Frutasa 06\/2021<\/a><\/p>\n<p>[\/et_pb_text][\/et_pb_column][\/et_pb_row][et_pb_row _builder_version=\u00bb4.27.4\u2033 _module_preset=\u00bbdefault\u00bb max_width=\u00bb1300px\u00bb global_colors_info=\u00bb{}\u00bb][et_pb_column _builder_version=\u00bb4.27.4\u2033 _module_preset=\u00bbdefault\u00bb global_colors_info=\u00bb{}\u00bb][et_pb_text _builder_version=\u00bb4.27.4\u2033 _module_preset=\u00bbdefault\u00bb text_font=\u00bbBitter|||||||||\u00bb text_text_color=&quot;#005CB8&quot; text_font_size=&quot;26px&quot; link_font=&quot;Bitter||||||||&quot; link_text_color=\u00bb#005CB8\u2033 header_font=\u00bbNunit|||||||| header_text_align=\u00bbleft\u00bb header_font_size=\u00bb52px\u00bb header_2_font=\u00bbPrompt||||||||\u00bb header_2_text_align=\u00bbleft\u00bb header_2_font_size=\u00bb52px\u00bb header_3_font=\u00bbLora||||||||\u00bb header_3_text_align=&quot;left&quot; header_3_font_size=&quot;26px&quot; text_orientation=&quot;center&quot; custom_margin=&quot;||20px||false|false&quot; locked=&quot;off&quot; global_colors_info=\u00bb{}\u00bb]<\/p>\n<p><a href=\"https:\/\/frutasa.es\/wp-content\/uploads\/2025\/06\/JUNTA-GENERAL-0223.pdf\" target=\"_blank\" rel=\"noopener\">Junta General Frutasa 02\/2023<\/a><\/p>\n<p>[\/et_pb_text][\/et_pb_column][\/et_pb_row][et_pb_row _builder_version=\u00bb4.27.4\u2033 _module_preset=\u00bbdefault\u00bb max_width=\u00bb1300px\u00bb global_colors_info=\u00bb{}\u00bb][et_pb_column _builder_version=\u00bb4.27.4\u2033 _module_preset=\u00bbdefault\u00bb global_colors_info=\u00bb{}\u00bb][et_pb_text _builder_version=\u00bb4.27.4\u2033 _module_preset=\u00bbdefault\u00bb text_font=\u00bbBitter|||||||||\u00bb text_text_color=&quot;#005CB8&quot; text_font_size=&quot;26px&quot; link_font=&quot;Bitter||||||||&quot; link_text_color=\u00bb#005CB8\u2033 header_font=\u00bbNunit|||||||| header_text_align=\u00bbleft\u00bb header_font_size=\u00bb52px\u00bb header_2_font=\u00bbPrompt||||||||\u00bb header_2_text_align=\u00bbleft\u00bb header_2_font_size=\u00bb52px\u00bb header_3_font=\u00bbLora||||||||\u00bb header_3_text_align=&quot;left&quot; header_3_font_size=&quot;26px&quot; text_orientation=&quot;center&quot; custom_margin=&quot;||20px||false|false&quot; locked=&quot;off&quot; global_colors_info=\u00bb{}\u00bb]<\/p>\n<p><a href=\"https:\/\/frutasa.es\/wp-content\/uploads\/2025\/06\/JUNTA-FRUTASA-1123.pdf\" target=\"_blank\" rel=\"noopener\">Junta General Frutasa 11\/2023<\/a><\/p>\n<p>[\/et_pb_text][\/et_pb_column][\/et_pb_row][et_pb_row _builder_version=\u00bb4.27.4\u2033 _module_preset=\u00bbdefault\u00bb max_width=\u00bb1300px\u00bb global_colors_info=\u00bb{}\u00bb][et_pb_column _builder_version=\u00bb4.27.4\u2033 _module_preset=\u00bbdefault\u00bb global_colors_info=\u00bb{}\u00bb][et_pb_text _builder_version=\u00bb4.27.4\u2033 _module_preset=\u00bbdefault\u00bb text_font=\u00bbBitter|||||||||\u00bb text_text_color=&quot;#005CB8&quot; text_font_size=&quot;26px&quot; link_font=&quot;Bitter||||||||&quot; link_text_color=\u00bb#005CB8\u2033 header_font=\u00bbNunit|||||||| header_text_align=\u00bbleft\u00bb header_font_size=\u00bb52px\u00bb header_2_font=\u00bbPrompt||||||||\u00bb header_2_text_align=\u00bbleft\u00bb header_2_font_size=\u00bb52px\u00bb header_3_font=\u00bbLora||||||||\u00bb header_3_text_align=&quot;left&quot; header_3_font_size=&quot;26px&quot; text_orientation=&quot;center&quot; custom_margin=&quot;||20px||false|false&quot; locked=&quot;off&quot; global_colors_info=\u00bb{}\u00bb]<\/p>\n<p><a href=\"https:\/\/frutasa.es\/wp-content\/uploads\/2025\/06\/JUNTA-GENERAL-0425.pdf\" target=\"_blank\" rel=\"noopener\">Junta General Frutasa 04\/2025<\/a><\/p>\n<p>[\/et_pb_text][\/et_pb_column][\/et_pb_row][\/et_pb_section][et_pb_section fb_built=\u00bb1\u2033 custom_padding_last_edited=\u00bbon|phone\u00bb _builder_version=\u00bb4.27.4\u2033 _module_preset= background_color=&quot;#f3f3f3&quot; custom_margin_phone=&quot;||||true|false&quot; custom_margin_last_edited=&quot;off|desktop&quot; custom_padding=&quot;0px||0px||true|false&quot; custom_padding_tablet=&quot;40px| custom_padding_phone=&quot;40px||40px||true|false&quot; global_module=&quot;3224&quot; saved_tabs=&quot;all&quot; locked=&quot;off&quot; global_colors_info=&quot;{}&quot;][et_pb_row column_structure=&quot;1_2,1_2&quot; make_equal=\u00bb. _module_preset=&quot;default&quot; global_colors_info=&quot;{}&quot;][et_pb_column type=&quot;1_2&quot; _builder_version=&quot;4.27.4&quot; _module_preset=&quot;default&quot; custom_css_main_element=&quot;display: flex;||flex-direction: column; global_colors_info=&quot;{}&quot;][et_pb_text _builder_version=&quot;4.27.4&quot; _module_preset=&quot;default&quot; header_font_size=&quot;33px&quot; header_line_height=&quot;1.8em&quot; header_2_font=&quot;Poppins|600||on| header_2_text_align=&quot;center&quot; header_2_text_color=&quot;#000000&quot; header_2_font_size=&quot;33px&quot; header_2_line_height=&quot;1.3em&quot; custom_margin=&quot;||15px||false|false&quot; locked=\u00bb<\/p>\n<h2>Preguntes?<br \/> Estem a la teva disposici\u00f3<\/h2>\n<p>[\/et_pb_text][et_pb_text _builder_version=\u00bb4.27.4\u2033 _module_preset=\u00bbdefault\u00bb text_font=\u00bbAlbert Sans|||||||||\u00bb text_text_color=&quot;#6f6f6f&quot; text_font_size=&quot;18px&quot; text_orientation=&quot;center&quot; custom_padding=&quot;||30px||false|false&quot; locked=&quot;off&quot; global_colors_info=\u00bb{}\u00bb]<\/p>\n<p>Escriu-nos en aquest formulari i resoldrem qualsevol dubte que tinguis<\/p>\n<p>[\/et_pb_text][et_pb_button button_url=\u00bb@ET-DC@eyJkeW5hbWljIjp0cnVlLCJjb250ZW50IjoicG9zdF9saW5rX3VybF9wYWdlIiwic2V0dGluZ3MiOnsicG9zdF9pZCI6IjM5MiJ9fQ==@\u00bb button_text=\u00bbContacta con nosotros\u00bb button_alignment=\u00bbcenter\u00bb _builder_version=\u00bb4.27.4&#8243; _dynamic_attributes=\u00bbbutton_url\u00bb _module_preset=\u00bbdefault\u00bb custom_button=\u00bbon\u00bb button_text_size=\u00bb16px\u00bb button_text_color=\u00bb#FFFFFF\u00bb button_bg_color=\u00bb#00885c\u00bb button_border_width=\u00bb0px\u00bb button_border_radius=\u00bb50px\u00bb button_letter_spacing=\u00bb0px\u00bb button_font=\u00bbPoppins|600|||||||\u00bb button_use_icon=\u00bboff\u00bb custom_margin_tablet=\u00bb||30px||false|false\u00bb custom_margin_phone=\u00bb\u00bb custom_margin_last_edited=\u00bbon|tablet\u00bb custom_padding=\u00bb20px|35px|20px|35px|true|true\u00bb locked=\u00bboff\u00bb global_colors_info=\u00bb{}\u00bb][\/et_pb_button][\/et_pb_column][et_pb_column type=\u00bb1_2&#8243; _builder_version=\u00bb4.27.4&#8243; _module_preset=\u00bbdefault\u00bb global_colors_info=\u00bb{}\u00bb][et_pb_contact_form use_spam_service=\u00bbon\u00bb recaptcha_list=\u00bbDefault|Default-0&#8243; email=\u00bbinfo@frutasa.com\u00bb custom_message=\u00bbCorreo desde la WEB frutasa.es||et_pb_line_break_holder||||et_pb_line_break_holder||Nombre: %%Name%%||et_pb_line_break_holder||Email: %%Email%%||et_pb_line_break_holder||Telefono: %%Telf%%||et_pb_line_break_holder||Menaje: %%Message%%\u00bb submit_button_text=\u00bbEnviar\u00bb _builder_version=\u00bb4.27.4&#8243; _module_preset=\u00bb5f451234-b662-41cf-8ad7-48c40d2afa7f\u00bb _unique_id=\u00bb6b95b41f-c58b-4722-a1ec-e1d37b4c1d54&#8243; form_field_background_color=\u00bb#FEFEFE\u00bb form_field_text_color=\u00bb#767676&#8243; form_field_custom_margin=\u00bb||35px||false|false\u00bb form_field_custom_padding=\u00bb16px|16px|16px|16px|true|true\u00bb form_field_font=\u00bbLibre Franklin|600||on|||||\u00bb form_field_font_size=\u00bb12px\u00bb form_field_letter_spacing=\u00bb0.15em\u00bb background_color=\u00bb#FFFFFF\u00bb custom_button=\u00bbon\u00bb button_text_size=\u00bb14px\u00bb button_text_color=\u00bb#FFFFFF\u00bb button_bg_color=\u00bb#00885c\u00bb button_border_width=\u00bb0px\u00bb button_border_color=\u00bb#FFFFFF\u00bb button_border_radius=\u00bb0px\u00bb button_font=\u00bbInter|700||on|||||\u00bb button_custom_margin=\u00bb8px||||false|false\u00bb button_custom_padding=\u00bb16px|24px|16px|24px|true|true\u00bb custom_padding=\u00bb75px|25px|20px|25px|false|true\u00bb border_width_all=\u00bb1px\u00bb border_color_all=\u00bb#b2b2b2&#8243; locked=\u00bboff\u00bb global_colors_info=\u00bb{}\u00bb][et_pb_contact_field field_id=\u00bbName\u00bb field_title=\u00bbNombre *\u00bb fullwidth_field=\u00bbon\u00bb _builder_version=\u00bb4.27.4&#8243; _module_preset=\u00bbdefault\u00bb global_colors_info=\u00bb{}\u00bb button_text_size__hover_enabled=\u00bboff\u00bb button_one_text_size__hover_enabled=\u00bboff\u00bb button_two_text_size__hover_enabled=\u00bboff\u00bb button_text_color__hover_enabled=\u00bboff\u00bb button_one_text_color__hover_enabled=\u00bboff\u00bb button_two_text_color__hover_enabled=\u00bboff\u00bb button_border_width__hover_enabled=\u00bboff\u00bb button_one_border_width__hover_enabled=\u00bboff\u00bb button_two_border_width__hover_enabled=\u00bboff\u00bb button_border_color__hover_enabled=\u00bboff\u00bb button_one_border_color__hover_enabled=\u00bboff\u00bb button_two_border_color__hover_enabled=\u00bboff\u00bb button_border_radius__hover_enabled=\u00bboff\u00bb button_one_border_radius__hover_enabled=\u00bboff\u00bb button_two_border_radius__hover_enabled=\u00bboff\u00bb button_letter_spacing__hover_enabled=\u00bboff\u00bb button_one_letter_spacing__hover_enabled=\u00bboff\u00bb button_two_letter_spacing__hover_enabled=\u00bboff\u00bb button_bg_color__hover_enabled=\u00bboff\u00bb button_one_bg_color__hover_enabled=\u00bboff\u00bb button_two_bg_color__hover_enabled=\u00bboff\u00bb][\/et_pb_contact_field][et_pb_contact_field field_id=\u00bbEmail\u00bb field_title=\u00bbEmail *\u00bb field_type=\u00bbemail\u00bb fullwidth_field=\u00bbon\u00bb _builder_version=\u00bb4.27.4&#8243; _module_preset=\u00bbdefault\u00bb global_colors_info=\u00bb{}\u00bb button_text_size__hover_enabled=\u00bboff\u00bb button_one_text_size__hover_enabled=\u00bboff\u00bb button_two_text_size__hover_enabled=\u00bboff\u00bb button_text_color__hover_enabled=\u00bboff\u00bb button_one_text_color__hover_enabled=\u00bboff\u00bb button_two_text_color__hover_enabled=\u00bboff\u00bb button_border_width__hover_enabled=\u00bboff\u00bb button_one_border_width__hover_enabled=\u00bboff\u00bb button_two_border_width__hover_enabled=\u00bboff\u00bb button_border_color__hover_enabled=\u00bboff\u00bb button_one_border_color__hover_enabled=\u00bboff\u00bb button_two_border_color__hover_enabled=\u00bboff\u00bb button_border_radius__hover_enabled=\u00bboff\u00bb button_one_border_radius__hover_enabled=\u00bboff\u00bb button_two_border_radius__hover_enabled=\u00bboff\u00bb button_letter_spacing__hover_enabled=\u00bboff\u00bb button_one_letter_spacing__hover_enabled=\u00bboff\u00bb button_two_letter_spacing__hover_enabled=\u00bboff\u00bb button_bg_color__hover_enabled=\u00bboff\u00bb button_one_bg_color__hover_enabled=\u00bboff\u00bb button_two_bg_color__hover_enabled=\u00bboff\u00bb][\/et_pb_contact_field][et_pb_contact_field field_id=\u00bbTelf\u00bb field_title=\u00bbTel\u00e9fono\u00bb allowed_symbols=\u00bbnumbers\u00bb required_mark=\u00bboff\u00bb fullwidth_field=\u00bbon\u00bb _builder_version=\u00bb4.27.4&#8243; _module_preset=\u00bbdefault\u00bb global_colors_info=\u00bb{}\u00bb button_text_size__hover_enabled=\u00bboff\u00bb button_one_text_size__hover_enabled=\u00bboff\u00bb button_two_text_size__hover_enabled=\u00bboff\u00bb button_text_color__hover_enabled=\u00bboff\u00bb button_one_text_color__hover_enabled=\u00bboff\u00bb button_two_text_color__hover_enabled=\u00bboff\u00bb button_border_width__hover_enabled=\u00bboff\u00bb button_one_border_width__hover_enabled=\u00bboff\u00bb button_two_border_width__hover_enabled=\u00bboff\u00bb button_border_color__hover_enabled=\u00bboff\u00bb button_one_border_color__hover_enabled=\u00bboff\u00bb button_two_border_color__hover_enabled=\u00bboff\u00bb button_border_radius__hover_enabled=\u00bboff\u00bb button_one_border_radius__hover_enabled=\u00bboff\u00bb button_two_border_radius__hover_enabled=\u00bboff\u00bb button_letter_spacing__hover_enabled=\u00bboff\u00bb button_one_letter_spacing__hover_enabled=\u00bboff\u00bb button_two_letter_spacing__hover_enabled=\u00bboff\u00bb button_bg_color__hover_enabled=\u00bboff\u00bb button_one_bg_color__hover_enabled=\u00bboff\u00bb button_two_bg_color__hover_enabled=\u00bboff\u00bb][\/et_pb_contact_field][et_pb_contact_field field_id=\u00bbMessage\u00bb field_title=\u00bbMensaje *\u00bb field_type=\u00bbtext\u00bb fullwidth_field=\u00bbon\u00bb _builder_version=\u00bb4.27.4&#8243; _module_preset=\u00bbdefault\u00bb global_colors_info=\u00bb{}\u00bb button_text_size__hover_enabled=\u00bboff\u00bb button_one_text_size__hover_enabled=\u00bboff\u00bb button_two_text_size__hover_enabled=\u00bboff\u00bb button_text_color__hover_enabled=\u00bboff\u00bb button_one_text_color__hover_enabled=\u00bboff\u00bb button_two_text_color__hover_enabled=\u00bboff\u00bb button_border_width__hover_enabled=\u00bboff\u00bb button_one_border_width__hover_enabled=\u00bboff\u00bb button_two_border_width__hover_enabled=\u00bboff\u00bb button_border_color__hover_enabled=\u00bboff\u00bb button_one_border_color__hover_enabled=\u00bboff\u00bb button_two_border_color__hover_enabled=\u00bboff\u00bb button_border_radius__hover_enabled=\u00bboff\u00bb button_one_border_radius__hover_enabled=\u00bboff\u00bb button_two_border_radius__hover_enabled=\u00bboff\u00bb button_letter_spacing__hover_enabled=\u00bboff\u00bb button_one_letter_spacing__hover_enabled=\u00bboff\u00bb button_two_letter_spacing__hover_enabled=\u00bboff\u00bb button_bg_color__hover_enabled=\u00bboff\u00bb button_one_bg_color__hover_enabled=\u00bboff\u00bb button_two_bg_color__hover_enabled=\u00bboff\u00bb][\/et_pb_contact_field][et_pb_contact_field field_id=\u00bbField_5&#8243; field_title=\u00bb \u00bb field_type=\u00bbcheckbox\u00bb checkbox_options=\u00bb%91{%22value%22:%22 Acepto la %22,%22checked%22:0,%22dragID%22:-1,%22link_text%22:%22Pol\u00edtica de privacidad%22,%22link_url%22:%22https:\/\/frutasa.es\/politica-de-privacidad\/%22}%93&#8243; fullwidth_field=\u00bbon\u00bb _builder_version=\u00bb4.27.4&#8243; _module_preset=\u00bbdefault\u00bb global_colors_info=\u00bb{}\u00bb][\/et_pb_contact_field][\/et_pb_contact_form][et_pb_text _builder_version=\u00bb4.27.4&#8243; _module_preset=\u00bbdefault\u00bb text_font=\u00bbAlbert Sans||||||||\u00bb text_text_color=\u00bb#6f6f6f\u00bb text_font_size=\u00bb16px\u00bb link_text_color=\u00bb#005CB8&#8243; global_colors_info=\u00bb{}\u00bb]<\/p>\n<p>Aquest lloc est\u00e0 protegit per reCAPTCHA i s&#039;apliquen la <strong><a href=\"https:\/\/policies.google.com\/privacy\">Pol\u00edtica de privadesa<\/a><\/strong> i les <strong><a href=\"https:\/\/policies.google.com\/terms\">Condicions del servei<\/a><\/strong> de Google.<\/p>\n<p>[\/et_pb_text][\/et_pb_column][\/et_pb_row][\/et_pb_section]<\/p>","protected":false},"excerpt":{"rendered":"<p>Convocat\u00f2ries de les Juntes Generals Ordin\u00e0ries d&#039;AccionistesDecidim junts el nostre futurJunta General Frutasa 11\/2019Junta General Frutasa 10\/2020Junta General Frutasa 06\/2021Junta General Frutasa 02\/2023Junta General Frutasa 04\/2025Preguntes? Estem a la teva disposici\u00f3Escriu-nos en aquest formulari i resoldrem qualsevol dubte que tinguis Aquest lloc est\u00e0 protegit per reCAPTCHA i s&#039;apliquen la Pol\u00edtica de privadesa i les [\u2026]<\/p>","protected":false},"author":1,"featured_media":0,"parent":0,"menu_order":0,"comment_status":"closed","ping_status":"closed","template":"","meta":{"_et_pb_use_builder":"on","_et_pb_old_content":"","_et_gb_content_width":"","footnotes":""},"class_list":["post-390","page","type-page","status-publish","hentry"],"yoast_head":"<!-- This site is optimized with the Yoast SEO plugin v27.4 - https:\/\/yoast.com\/product\/yoast-seo-wordpress\/ -->\n<title>Junta - Frutasa S.A.<\/title>\n<meta name=\"description\" content=\"Consulta las convocatorias de las Juntas Generales de Accionistas de Frutasa, donde decidimos juntos el futuro de la empresa.\" \/>\n<meta name=\"robots\" content=\"index, follow, max-snippet:-1, max-image-preview:large, max-video-preview:-1\" \/>\n<link rel=\"canonical\" href=\"https:\/\/frutasa.es\/cat\/junta\/\" \/>\n<meta property=\"og:locale\" content=\"ca_ES\" \/>\n<meta property=\"og:type\" content=\"article\" \/>\n<meta property=\"og:title\" content=\"Junta - Frutasa S.A.\" \/>\n<meta property=\"og:description\" content=\"Consulta las convocatorias de las Juntas Generales de Accionistas de Frutasa, donde decidimos juntos el futuro de la empresa.\" \/>\n<meta property=\"og:url\" content=\"https:\/\/frutasa.es\/cat\/junta\/\" \/>\n<meta property=\"og:site_name\" content=\"Frutasa S.A.\" \/>\n<meta property=\"article:modified_time\" content=\"2025-09-24T06:11:26+00:00\" \/>\n<meta name=\"twitter:card\" content=\"summary_large_image\" \/>\n<meta name=\"twitter:label1\" content=\"Temps estimat de lectura\" \/>\n\t<meta name=\"twitter:data1\" content=\"3 minuts\" \/>\n<script type=\"application\/ld+json\" class=\"yoast-schema-graph\">{\"@context\":\"https:\\\/\\\/schema.org\",\"@graph\":[{\"@type\":\"WebPage\",\"@id\":\"https:\\\/\\\/frutasa.es\\\/junta\\\/\",\"url\":\"https:\\\/\\\/frutasa.es\\\/junta\\\/\",\"name\":\"Junta - Frutasa S.A.\",\"isPartOf\":{\"@id\":\"https:\\\/\\\/frutasa.es\\\/#website\"},\"datePublished\":\"2025-06-12T07:27:02+00:00\",\"dateModified\":\"2025-09-24T06:11:26+00:00\",\"description\":\"Consulta las convocatorias de las Juntas Generales de Accionistas de Frutasa, donde decidimos juntos el futuro de la empresa.\",\"breadcrumb\":{\"@id\":\"https:\\\/\\\/frutasa.es\\\/junta\\\/#breadcrumb\"},\"inLanguage\":\"ca\",\"potentialAction\":[{\"@type\":\"ReadAction\",\"target\":[\"https:\\\/\\\/frutasa.es\\\/junta\\\/\"]}]},{\"@type\":\"BreadcrumbList\",\"@id\":\"https:\\\/\\\/frutasa.es\\\/junta\\\/#breadcrumb\",\"itemListElement\":[{\"@type\":\"ListItem\",\"position\":1,\"name\":\"Inici\",\"item\":\"https:\\\/\\\/frutasa.es\\\/\"},{\"@type\":\"ListItem\",\"position\":2,\"name\":\"Junta\"}]},{\"@type\":\"WebSite\",\"@id\":\"https:\\\/\\\/frutasa.es\\\/#website\",\"url\":\"https:\\\/\\\/frutasa.es\\\/\",\"name\":\"Frutasa S.A.\",\"description\":\"Frutas y verduras\",\"inLanguage\":\"ca\"}]}<\/script>\n<!-- \/ Yoast SEO plugin. -->","yoast_head_json":{"title":"Junta - Frutasa SA","description":"Consulteu les convocat\u00f2ries de les Juntes Generals d&#039;Accionistes de Frutasa, on decidim junts el futur de l&#039;empresa.","robots":{"index":"index","follow":"follow","max-snippet":"max-snippet:-1","max-image-preview":"max-image-preview:large","max-video-preview":"max-video-preview:-1"},"canonical":"https:\/\/frutasa.es\/cat\/junta\/","og_locale":"ca_ES","og_type":"article","og_title":"Junta - Frutasa S.A.","og_description":"Consulta las convocatorias de las Juntas Generales de Accionistas de Frutasa, donde decidimos juntos el futuro de la empresa.","og_url":"https:\/\/frutasa.es\/cat\/junta\/","og_site_name":"Frutasa S.A.","article_modified_time":"2025-09-24T06:11:26+00:00","twitter_card":"summary_large_image","twitter_misc":{"Temps estimat de lectura":"3 minuts"},"schema":{"@context":"https:\/\/schema.org","@graph":[{"@type":"WebPage","@id":"https:\/\/frutasa.es\/junta\/","url":"https:\/\/frutasa.es\/junta\/","name":"Junta - Frutasa SA","isPartOf":{"@id":"https:\/\/frutasa.es\/#website"},"datePublished":"2025-06-12T07:27:02+00:00","dateModified":"2025-09-24T06:11:26+00:00","description":"Consulteu les convocat\u00f2ries de les Juntes Generals d&#039;Accionistes de Frutasa, on decidim junts el futur de l&#039;empresa.","breadcrumb":{"@id":"https:\/\/frutasa.es\/junta\/#breadcrumb"},"inLanguage":"ca","potentialAction":[{"@type":"ReadAction","target":["https:\/\/frutasa.es\/junta\/"]}]},{"@type":"BreadcrumbList","@id":"https:\/\/frutasa.es\/junta\/#breadcrumb","itemListElement":[{"@type":"ListItem","position":1,"name":"Inici","item":"https:\/\/frutasa.es\/"},{"@type":"ListItem","position":2,"name":"Junta"}]},{"@type":"WebSite","@id":"https:\/\/frutasa.es\/#website","url":"https:\/\/frutasa.es\/","name":"Frutasa SA","description":"Fruites i verdures","inLanguage":"ca"}]}},"_links":{"self":[{"href":"https:\/\/frutasa.es\/cat\/wp-json\/wp\/v2\/pages\/390","targetHints":{"allow":["GET"]}}],"collection":[{"href":"https:\/\/frutasa.es\/cat\/wp-json\/wp\/v2\/pages"}],"about":[{"href":"https:\/\/frutasa.es\/cat\/wp-json\/wp\/v2\/types\/page"}],"author":[{"embeddable":true,"href":"https:\/\/frutasa.es\/cat\/wp-json\/wp\/v2\/users\/1"}],"replies":[{"embeddable":true,"href":"https:\/\/frutasa.es\/cat\/wp-json\/wp\/v2\/comments?post=390"}],"version-history":[{"count":32,"href":"https:\/\/frutasa.es\/cat\/wp-json\/wp\/v2\/pages\/390\/revisions"}],"predecessor-version":[{"id":4784,"href":"https:\/\/frutasa.es\/cat\/wp-json\/wp\/v2\/pages\/390\/revisions\/4784"}],"wp:attachment":[{"href":"https:\/\/frutasa.es\/cat\/wp-json\/wp\/v2\/media?parent=390"}],"curies":[{"name":"wp","href":"https:\/\/api.w.org\/{rel}","templated":true}]}}